{"id":202,"date":"2023-01-20T12:50:44","date_gmt":"2023-01-20T11:50:44","guid":{"rendered":"https:\/\/fenaco.promovetm.com\/?page_id=202"},"modified":"2023-12-13T15:32:20","modified_gmt":"2023-12-13T14:32:20","slug":"leadership-check","status":"publish","type":"page","link":"https:\/\/siegfried.promovetm.com\/fr\/leadership-check\/","title":{"rendered":"Leadership Check"},"content":{"rendered":"\n<p>Le Leadership Check est un feedforward individualis\u00e9 \u00e0 360\u00b0 pour les cadres. Contrairement au feedback classique, le Leadership Check implique la co-responsabilit\u00e9 active des donneurs de feedback dans les projets de transformation. Le Leadership Check devient ainsi une mesure efficace de d\u00e9veloppement de l&rsquo;\u00e9quipe et de l&rsquo;organisation.&nbsp;<\/p>\n\n\n\n<p>Un leadership efficace na\u00eet l\u00e0 o\u00f9 les cadres remplissent activement leur r\u00f4le et cr\u00e9ent une valeur ajout\u00e9e entrepreneuriale pour l&rsquo;entreprise. Gr\u00e2ce \u00e0 un Leadership Check, les cadres peuvent s&rsquo;appuyer sur leurs v\u00e9ritables points forts et augmenter leur efficacit\u00e9.&nbsp;<\/p>\n\n\n\n<p>Si tu veux savoir ce qu&rsquo;un Leadership Check peut signifier pour toi et ton environnement, prends contact avec nous :&nbsp;<\/p>\n\n\n\n<p><a href=\"https:\/\/www.promovetm.com\/fr\/contact\/\" data-type=\"page\" data-id=\"127\" target=\"_blank\" rel=\"noreferrer noopener\">Prendre contact\u00a0<\/a><\/p>\n","protected":false},"excerpt":{"rendered":"<p>Le Leadership Check est un feedforward individualis\u00e9 \u00e0 360\u00b0 pour les cadres. Contrairement au feedback classique, le Leadership Check implique la co-responsabilit\u00e9 active des donneurs de feedback dans les projets de transformation. Le Leadership Check devient ainsi une mesure efficace de d\u00e9veloppement de l&rsquo;\u00e9quipe et de l&rsquo;organisation.&nbsp; Un leadership efficace na\u00eet l\u00e0 o\u00f9 les cadres [&hellip;]<\/p>\n","protected":false},"author":1,"featured_media":0,"parent":0,"menu_order":0,"comment_status":"closed","ping_status":"closed","template":"","meta":{"_acf_changed":false,"footnotes":""},"acf":[],"_links":{"self":[{"href":"https:\/\/siegfried.promovetm.com\/fr\/wp-json\/wp\/v2\/pages\/202"}],"collection":[{"href":"https:\/\/siegfried.promovetm.com\/fr\/wp-json\/wp\/v2\/pages"}],"about":[{"href":"https:\/\/siegfried.promovetm.com\/fr\/wp-json\/wp\/v2\/types\/page"}],"author":[{"embeddable":true,"href":"https:\/\/siegfried.promovetm.com\/fr\/wp-json\/wp\/v2\/users\/1"}],"replies":[{"embeddable":true,"href":"https:\/\/siegfried.promovetm.com\/fr\/wp-json\/wp\/v2\/comments?post=202"}],"version-history":[{"count":2,"href":"https:\/\/siegfried.promovetm.com\/fr\/wp-json\/wp\/v2\/pages\/202\/revisions"}],"predecessor-version":[{"id":389,"href":"https:\/\/siegfried.promovetm.com\/fr\/wp-json\/wp\/v2\/pages\/202\/revisions\/389"}],"wp:attachment":[{"href":"https:\/\/siegfried.promovetm.com\/fr\/wp-json\/wp\/v2\/media?parent=202"}],"curies":[{"name":"wp","href":"https:\/\/api.w.org\/{rel}","templated":true}]}}