{"id":140,"date":"2023-01-20T12:47:32","date_gmt":"2023-01-20T11:47:32","guid":{"rendered":"https:\/\/fenaco.promovetm.com\/careercheck\/"},"modified":"2023-12-13T15:31:21","modified_gmt":"2023-12-13T14:31:21","slug":"careercheck","status":"publish","type":"page","link":"https:\/\/siegfried.promovetm.com\/fr\/careercheck\/","title":{"rendered":"Career Check"},"content":{"rendered":"\n<img decoding=\"async\" style=\"width: 400px; margin: 1.5rem 0\" src=\"https:\/\/plattform.promovetm.com\/wp-content\/uploads\/2017\/10\/careercheck-1.png\">\n\n\n\n<p>Le Career Check est notre check de carri\u00e8re valid\u00e9 scientifiquement pour les personnes qui souhaitent donner un nouvel \u00e9lan \u00e0 leur carri\u00e8re. Il aide les sp\u00e9cialistes et les cadres \u00e0 mieux utiliser leur potentiel dans leur environnement de travail.<\/p>\n\n\n\n<p>Le Career Check ouvre de nouvelles opportunit\u00e9s de carri\u00e8re. Qu&rsquo;il s&rsquo;agisse d&rsquo;une promotion, d&rsquo;une plus grande influence gr\u00e2ce \u00e0 des projets orient\u00e9s vers l&rsquo;avenir ou d&rsquo;une meilleure gestion de soi, un Career Check permet aux personnes d&rsquo;am\u00e9liorer leur impact et de transformer ainsi leur potentiel en avantages concrets.<\/p>\n\n\n\n<p>Un Career Check se d\u00e9roule en deux \u00e9tapes : un questionnaire en ligne et un entretien d&rsquo;\u00e9valuation confidentiel avec un coach. Un entretien d&rsquo;\u00e9valuation se termine toujours par un plan d&rsquo;action personnalis\u00e9 adapt\u00e9 \u00e0 tes besoins.<\/p>\n\n\n\n<p>Si tu souhaites r\u00e9server un Career Check pour toi, prends contact avec nous :<\/p>\n\n\n\n<p><a href=\"https:\/\/www.promovetm.com\/fr\/contact\/\" data-type=\"URL\" data-id=\"\/coaching\/\" target=\"_blank\" rel=\"noreferrer noopener\">Prendre contact<\/a><\/p>\n","protected":false},"excerpt":{"rendered":"<p>Le Career Check est notre check de carri\u00e8re valid\u00e9 scientifiquement pour les personnes qui souhaitent donner un nouvel \u00e9lan \u00e0 leur carri\u00e8re. Il aide les sp\u00e9cialistes et les cadres \u00e0 mieux utiliser leur potentiel dans leur environnement de travail. Le Career Check ouvre de nouvelles opportunit\u00e9s de carri\u00e8re. Qu&rsquo;il s&rsquo;agisse d&rsquo;une promotion, d&rsquo;une plus grande [&hellip;]<\/p>\n","protected":false},"author":1,"featured_media":0,"parent":0,"menu_order":0,"comment_status":"closed","ping_status":"closed","template":"","meta":{"_acf_changed":false,"footnotes":""},"acf":[],"_links":{"self":[{"href":"https:\/\/siegfried.promovetm.com\/fr\/wp-json\/wp\/v2\/pages\/140"}],"collection":[{"href":"https:\/\/siegfried.promovetm.com\/fr\/wp-json\/wp\/v2\/pages"}],"about":[{"href":"https:\/\/siegfried.promovetm.com\/fr\/wp-json\/wp\/v2\/types\/page"}],"author":[{"embeddable":true,"href":"https:\/\/siegfried.promovetm.com\/fr\/wp-json\/wp\/v2\/users\/1"}],"replies":[{"embeddable":true,"href":"https:\/\/siegfried.promovetm.com\/fr\/wp-json\/wp\/v2\/comments?post=140"}],"version-history":[{"count":5,"href":"https:\/\/siegfried.promovetm.com\/fr\/wp-json\/wp\/v2\/pages\/140\/revisions"}],"predecessor-version":[{"id":387,"href":"https:\/\/siegfried.promovetm.com\/fr\/wp-json\/wp\/v2\/pages\/140\/revisions\/387"}],"wp:attachment":[{"href":"https:\/\/siegfried.promovetm.com\/fr\/wp-json\/wp\/v2\/media?parent=140"}],"curies":[{"name":"wp","href":"https:\/\/api.w.org\/{rel}","templated":true}]}}