{"id":124,"date":"2023-01-10T03:14:46","date_gmt":"2023-01-10T02:14:46","guid":{"rendered":"https:\/\/fenaco.promovetm.com\/gestion-organisation\/"},"modified":"2024-01-23T15:12:56","modified_gmt":"2024-01-23T14:12:56","slug":"gestion-organisation","status":"publish","type":"page","link":"https:\/\/siegfried.promovetm.com\/fr\/gestion-organisation\/","title":{"rendered":"Gestion | Organisation"},"content":{"rendered":"\n<p>Diriger en p\u00e9riode de changement requiert certaines comp\u00e9tences. La s\u00e9lection suivante de m\u00e9thodes puissantes peut t&rsquo;aider \u00e0 augmenter tes comp\u00e9tences en mati\u00e8re de leadership :&nbsp;<\/p>\n\n\n\n<div class=\"home__categories\">\n    <a href=\"\/fr\/feedforward\/\" class=\"home__cat\">\n        <h2>Feedforward<\/h2>\n    <\/a>\n    <a href=\"\/fr\/les-7-niveaux-du-leadership\/\" class=\"home__cat\">\n        <h2>Les 7 niveaux du leadership<\/h2>\n    <\/a>\n    <a href=\"\/fr\/cognitive-behaviour-theory\/\" class=\"home__cat\">\n        <h2>Th\u00e9orie cognitive-comportementale<\/h2>\n    <\/a>\n    <a href=\"\/fr\/immunite-au-changement\/\" class=\"home__cat\">\n        <h2>Immunit\u00e9 au changement<\/h2>\n    <\/a>\n    <a href=\"\/fr\/la-theorie-paradoxale-du-changement\/\" class=\"home__cat\">\n        <h2>La th\u00e9orie paradoxale du changement<\/h2>\n    <\/a>\n    <a href=\"\/fr\/die-20-ticks\/\" class=\"home__cat\">\n        <h2>Les 20 ticks<\/h2>\n    <\/a>\n<\/div>\n\n\n\n<div class=\"begleitprozesse\">\n    <h2>Processus d&rsquo;accompagnement<\/h2>\n    <p>Tu peux aussi te faire accompagner personnellement par un coach en r\u00e9servant pour toi un processus d&rsquo;accompagnement : <\/p>\n    <div class=\"prozesse__wrapper\">\n        <a href=\"\/fr\/coaching-2\/\" class=\"prozess\">\n            <h3>Coaching<\/h3>\n        <\/a>\n        <a href=\"\/fr\/leadership-check\/\" class=\"prozess\">\n            <h3>Leadership Check<\/h3>\n        <\/a>\n    <\/div>\n    <a class=\"begleitprozesse__coaching\" href=\"https:\/\/www.promovetm.com\/fr\/contact\/\">Nous nous r\u00e9jouissons de faire ta connaissance.<\/a>\n<\/div>\n\n\n\n<style>\n    .begleitprozesse {\n        margin-top: 2rem;\n    }\n\n    .prozesse__wrapper {\n        display: flex;\n        flex-direction: column;\n        gap: 1.5rem;\n    }\n\n    @media (min-width: 992px) {\n        .prozesse__wrapper {\n            flex-direction: row;\n        }\n    }\n\n    .prozess {\n        background-color: #fff;\n        color: #000;\n\t\tborder: 1px solid #000;\n        text-decoration: none;\n        padding: 1rem;\n        flex: 1;\n        text-align: center;\n\t\ttransition: 0.3s ease;\n    }\n\t\n\t.prozess:hover {\n\t\t border: 1px solid transparent;\n\t\t background-color: #039FE3;\n\t\t color: #fff;\n\t}\n\n    .begleitprozesse__coaching {\n        color: #039FE3;\n        margin-top: 1rem;\n        display: block;\n    }\n<\/style>\n","protected":false},"excerpt":{"rendered":"<p>Diriger en p\u00e9riode de changement requiert certaines comp\u00e9tences. La s\u00e9lection suivante de m\u00e9thodes puissantes peut t&rsquo;aider \u00e0 augmenter tes comp\u00e9tences en mati\u00e8re de leadership :&nbsp; Feedforward Les 7 niveaux du leadership Th\u00e9orie cognitive-comportementale Immunit\u00e9 au changement La th\u00e9orie paradoxale du changement Les 20 ticks Processus d&rsquo;accompagnement Tu peux aussi te faire accompagner personnellement par un [&hellip;]<\/p>\n","protected":false},"author":1,"featured_media":0,"parent":0,"menu_order":0,"comment_status":"closed","ping_status":"closed","template":"","meta":{"_acf_changed":false,"footnotes":""},"acf":[],"_links":{"self":[{"href":"https:\/\/siegfried.promovetm.com\/fr\/wp-json\/wp\/v2\/pages\/124"}],"collection":[{"href":"https:\/\/siegfried.promovetm.com\/fr\/wp-json\/wp\/v2\/pages"}],"about":[{"href":"https:\/\/siegfried.promovetm.com\/fr\/wp-json\/wp\/v2\/types\/page"}],"author":[{"embeddable":true,"href":"https:\/\/siegfried.promovetm.com\/fr\/wp-json\/wp\/v2\/users\/1"}],"replies":[{"embeddable":true,"href":"https:\/\/siegfried.promovetm.com\/fr\/wp-json\/wp\/v2\/comments?post=124"}],"version-history":[{"count":16,"href":"https:\/\/siegfried.promovetm.com\/fr\/wp-json\/wp\/v2\/pages\/124\/revisions"}],"predecessor-version":[{"id":541,"href":"https:\/\/siegfried.promovetm.com\/fr\/wp-json\/wp\/v2\/pages\/124\/revisions\/541"}],"wp:attachment":[{"href":"https:\/\/siegfried.promovetm.com\/fr\/wp-json\/wp\/v2\/media?parent=124"}],"curies":[{"name":"wp","href":"https:\/\/api.w.org\/{rel}","templated":true}]}}