{"id":121,"date":"2023-01-10T02:56:10","date_gmt":"2023-01-10T01:56:10","guid":{"rendered":"https:\/\/fenaco.promovetm.com\/gestion-de-soi-carriere\/"},"modified":"2024-01-23T15:12:05","modified_gmt":"2024-01-23T14:12:05","slug":"gestion-de-soi","status":"publish","type":"page","link":"https:\/\/siegfried.promovetm.com\/fr\/gestion-de-soi\/","title":{"rendered":"Gestion de soi | Carri\u00e8re"},"content":{"rendered":"\n<p>Pour diriger, il faut d&rsquo;abord se diriger soi-m\u00eame. Pour cela, il est essentiel de r\u00e9fl\u00e9chir r\u00e9guli\u00e8rement sur soi-m\u00eame.<br>Les m\u00e9thodes suivantes peuvent t&rsquo;y aider:<\/p>\n\n\n\n<div class=\"home__categories\">\n    <a href=\"\/fr\/questions-sur-la-gestion-de-soi\/\" class=\"home__cat\">\n        <h2>Questions sur la gestion de soi<\/h2>\n    <\/a>\n    <a href=\"\/fr\/courbe-d-apprentissage\/\" class=\"home__cat\">\n        <h2>Courbe d\u2019apprentissage<\/h2>\n    <\/a>\n    <a href=\"\/fr\/les-5-options-pour-une-evolution-professionnelle\/\" class=\"home__cat\">\n        <h2>Les 5 options pour une \u00e9volution professionnelle<\/h2>\n    <\/a>\n    <a href=\"\/fr\/comment-un-emploi-se-cree-t-il\/\" class=\"home__cat\">\n        <h2>Comment un emploi se cr\u00e9e-t-il<\/h2>\n    <\/a>\n    <a href=\"\/fr\/le-marche-pertinent\/\" class=\"home__cat\">\n        <h2>Le march\u00e9 pertinent<\/h2>\n    <\/a>\n    <a href=\"\/fr\/reseautage\/\" class=\"home__cat\">\n        <h2>R\u00e9seautage<\/h2>\n    <\/a>\n<\/div>\n\n\n\n<div class=\"begleitprozesse\">\n    <h2>Processus d&rsquo;accompagnement<\/h2>\n    <p>Tu peux aussi te faire accompagner personnellement par un coach en r\u00e9servant pour toi un processus d&rsquo;accompagnement :<\/p>\n    <div class=\"prozesse__wrapper\">\n        <a href=\"\/fr\/careercheck\" class=\"prozess\">\n            <h3>Career Check<\/h3>\n        <\/a>\n        <a href=\"\/fr\/coaching-2\/\" class=\"prozess\">\n            <h3>Coaching<\/h3>\n        <\/a>\n        <a href=\"\/fr\/bilan-de-competences\/\" class=\"prozess\">\n            <h3>Bilan de comp\u00e9tences <\/h3>\n        <\/a>\n    <\/div>\n    <a class=\"begleitprozesse__coaching\" href=\"https:\/\/www.promovetm.com\/fr\/contact\/\">Nous nous r\u00e9jouissons de faire ta connaissance.<\/a>\n<\/div>\n<style>\n    .begleitprozesse {\n        margin-top: 2rem;\n    }\n\n    .prozesse__wrapper {\n        display: flex;\n        flex-direction: column;\n        gap: 1.5rem;\n    }\n\n    @media (min-width: 992px) {\n        .prozesse__wrapper {\n            flex-direction: row;\n        }\n    }\n\n    .prozess {\n        background-color: #fff;\n        color: #000;\n\t\tborder: 1px solid #000;\n        text-decoration: none;\n        padding: 1rem;\n        flex: 1;\n        text-align: center;\n\t\ttransition: 0.3s ease;\n    }\n\t\n\t.prozess:hover {\n\t\t border: 1px solid transparent;\n\t\t background-color: #039FE3;\n\t\t color: #fff;\n\t}\n\n    .begleitprozesse__coaching {\n        color: #039FE3;\n        margin-top: 1rem;\n        display: block;\n    }\n<\/style>\n","protected":false},"excerpt":{"rendered":"<p>Pour diriger, il faut d&rsquo;abord se diriger soi-m\u00eame. Pour cela, il est essentiel de r\u00e9fl\u00e9chir r\u00e9guli\u00e8rement sur soi-m\u00eame.Les m\u00e9thodes suivantes peuvent t&rsquo;y aider: Questions sur la gestion de soi Courbe d\u2019apprentissage Les 5 options pour une \u00e9volution professionnelle Comment un emploi se cr\u00e9e-t-il Le march\u00e9 pertinent R\u00e9seautage Processus d&rsquo;accompagnement Tu peux aussi te faire accompagner [&hellip;]<\/p>\n","protected":false},"author":1,"featured_media":0,"parent":0,"menu_order":0,"comment_status":"closed","ping_status":"closed","template":"","meta":{"_acf_changed":false,"footnotes":""},"acf":[],"_links":{"self":[{"href":"https:\/\/siegfried.promovetm.com\/fr\/wp-json\/wp\/v2\/pages\/121"}],"collection":[{"href":"https:\/\/siegfried.promovetm.com\/fr\/wp-json\/wp\/v2\/pages"}],"about":[{"href":"https:\/\/siegfried.promovetm.com\/fr\/wp-json\/wp\/v2\/types\/page"}],"author":[{"embeddable":true,"href":"https:\/\/siegfried.promovetm.com\/fr\/wp-json\/wp\/v2\/users\/1"}],"replies":[{"embeddable":true,"href":"https:\/\/siegfried.promovetm.com\/fr\/wp-json\/wp\/v2\/comments?post=121"}],"version-history":[{"count":12,"href":"https:\/\/siegfried.promovetm.com\/fr\/wp-json\/wp\/v2\/pages\/121\/revisions"}],"predecessor-version":[{"id":539,"href":"https:\/\/siegfried.promovetm.com\/fr\/wp-json\/wp\/v2\/pages\/121\/revisions\/539"}],"wp:attachment":[{"href":"https:\/\/siegfried.promovetm.com\/fr\/wp-json\/wp\/v2\/media?parent=121"}],"curies":[{"name":"wp","href":"https:\/\/api.w.org\/{rel}","templated":true}]}}